{"id":42,"date":"2018-02-22T19:13:19","date_gmt":"2018-02-22T19:13:19","guid":{"rendered":"https:\/\/ap734.com\/site\/?page_id=42"},"modified":"2025-07-15T15:33:16","modified_gmt":"2025-07-15T15:33:16","slug":"bio","status":"publish","type":"page","link":"https:\/\/ap734.com\/site\/bio\/","title":{"rendered":"Bio"},"content":{"rendered":"<p><a href=\"https:\/\/ap734.com\/site\/wp-content\/uploads\/2025\/07\/ap734_bio_25.jpg\" target=\"_blank\" rel=\"noopener noreferrer\"><img loading=\"lazy\" decoding=\"async\" class=\"wp-image-424 size-medium alignnone\" src=\"https:\/\/ap734.com\/site\/wp-content\/uploads\/2025\/07\/ap734_bio_25-300x138.jpg\" alt=\"\" width=\"300\" height=\"138\" srcset=\"https:\/\/ap734.com\/site\/wp-content\/uploads\/2025\/07\/ap734_bio_25-300x138.jpg 300w, https:\/\/ap734.com\/site\/wp-content\/uploads\/2025\/07\/ap734_bio_25-1024x473.jpg 1024w, https:\/\/ap734.com\/site\/wp-content\/uploads\/2025\/07\/ap734_bio_25-768x354.jpg 768w, https:\/\/ap734.com\/site\/wp-content\/uploads\/2025\/07\/ap734_bio_25.jpg 1300w\" sizes=\"auto, (max-width: 300px) 100vw, 300px\" \/><\/a><\/p>\n<p>Natural da Marinha Grande, conta com mais de 30 anos de competi\u00e7\u00f5es federadas em Motocross, Supercross, Freestyle Motocross, Cross Country e Supermoto. Iniciou-se aos 4 anos de idade com uma Yamaha PW50, desde ent\u00e3o acompanhado pelo pai (\u00c1lvaro Pereira Sr., piloto da era antiga) tem sido presen\u00e7a ass\u00eddua no melhor que se faz por c\u00e1 em duas rodas!<\/p>\n<p><strong>Palmar\u00e9s:\u00a0 <\/strong>(\u00faltimos 16anos)<\/p>\n<p><strong>2006<\/strong><br \/>\n7\u00ba lugar Campeonato Nacional de Supermoto<\/p>\n<p><strong>2007<\/strong><br \/>\n5\u00ba lugar Campeonato Nacional de Supermoto<br \/>\nVice-Campe\u00e3o Nacional Pitbike Supermoto<\/p>\n<p><strong>2008<\/strong><br \/>\n5\u00ba lugar Campeonato Nacional Cross Country<\/p>\n<p><strong>2009<\/strong><br \/>\n6\u00ba lugar Campeonato Nacional de Supermoto<\/p>\n<p><strong>2012<br \/>\n<\/strong>7\u00ba lugar Trof\u00e9u Pitbike Portugal Elite<\/p>\n<p><strong>2013<br \/>\n<\/strong>1\u00ba lugar Trof\u00e9u Pitbike Arenacross<\/p>\n<p><strong>2014<br \/>\n<\/strong>Campe\u00e3o Motocross Vintage Portugal<\/p>\n<p><strong>2015<br \/>\n<\/strong>Campe\u00e3o Motocross Vintage Portugal<\/p>\n<p><strong>2016<br \/>\n<\/strong>5\u00ba lugar Motocross Vintage Portugal<\/p>\n<p><strong>2017<br \/>\n<\/strong>6\u00ba lugar Arenacross Sintra MX<\/p>\n<p><strong>2018<br \/>\n<\/strong>8\u00ba lugar Arenacross Sintra MX<br \/>\n7\u00ba Campeonato Nacional Supercross SX1<br \/>\n12\u00ba Campeonato Nacional Motocross MX1<br \/>\n4\u00ba Campeonato Regional Motocross MX1<br \/>\nVencedor Trof\u00e9u Honda MX1<\/p>\n<p><strong>2019<\/strong><br \/>\n8\u00ba lugar Campeonato Nacional de Supermoto (1 prova a menos)<\/p>\n<p><strong>2020<\/strong><br \/>\n3\u00ba lugar Campeonato Nacional de Supermoto<\/p>\n<p><strong>2021<\/strong><br \/>\n5\u00ba lugar Trof\u00e9u Ib\u00e9rico Supermoto<br \/>\n3\u00ba lugar Campeonato Nacional de Supermoto<\/p>\n","protected":false},"excerpt":{"rendered":"<p>Natural da Marinha Grande, conta com mais de 30 anos de competi\u00e7\u00f5es federadas em Motocross, Supercross, Freestyle Motocross, Cross Country e Supermoto. Iniciou-se aos 4 anos de idade com uma Yamaha PW50, desde ent\u00e3o acompanhado pelo pai (\u00c1lvaro Pereira Sr., piloto da era antiga) tem sido presen\u00e7a ass\u00eddua no melhor que se faz por c\u00e1 <a href=\"https:\/\/ap734.com\/site\/bio\/\" rel=\"nofollow\"><span class=\"sr-only\">Ler mais sobreBio<\/span>[&hellip;]<\/a><\/p>\n","protected":false},"author":1,"featured_media":0,"parent":0,"menu_order":1,"comment_status":"closed","ping_status":"closed","template":"","meta":{"footnotes":""},"class_list":["post-42","page","type-page","status-publish","hentry"],"_links":{"self":[{"href":"https:\/\/ap734.com\/site\/wp-json\/wp\/v2\/pages\/42","targetHints":{"allow":["GET"]}}],"collection":[{"href":"https:\/\/ap734.com\/site\/wp-json\/wp\/v2\/pages"}],"about":[{"href":"https:\/\/ap734.com\/site\/wp-json\/wp\/v2\/types\/page"}],"author":[{"embeddable":true,"href":"https:\/\/ap734.com\/site\/wp-json\/wp\/v2\/users\/1"}],"replies":[{"embeddable":true,"href":"https:\/\/ap734.com\/site\/wp-json\/wp\/v2\/comments?post=42"}],"version-history":[{"count":16,"href":"https:\/\/ap734.com\/site\/wp-json\/wp\/v2\/pages\/42\/revisions"}],"predecessor-version":[{"id":426,"href":"https:\/\/ap734.com\/site\/wp-json\/wp\/v2\/pages\/42\/revisions\/426"}],"wp:attachment":[{"href":"https:\/\/ap734.com\/site\/wp-json\/wp\/v2\/media?parent=42"}],"curies":[{"name":"wp","href":"https:\/\/api.w.org\/{rel}","templated":true}]}}